{"id":28,"date":"2015-06-13T08:18:14","date_gmt":"2015-06-13T08:18:14","guid":{"rendered":"https:\/\/seb04.be\/wp2018mm\/net-phenomenon\/"},"modified":"2015-06-13T08:18:14","modified_gmt":"2015-06-13T08:18:14","slug":"net-phenomenon","status":"publish","type":"page","link":"https:\/\/seempleetoo.be\/aware\/index.php\/net-phenomenon\/","title":{"rendered":"Net Phenomenon"},"content":{"rendered":"<p>Inventaire (en construction progressive \ud83d\ude42 des g\u00e9n\u00e9rateurs de vues du net<\/p>\n<p>Humour du net<\/p>\n<p><a href=\"https:\/\/www.youtube.com\/user\/MonsieurDream\/videos?view=0&#038;flow=grid&#038;sort=p\" target=\"_blank\" rel=\"noopener noreferrer\">Cyrpien<\/a><\/p>\n<p><a href=\"https:\/\/www.youtube.com\/user\/NormanFaitDesVideos\" target=\"_blank\" rel=\"noopener noreferrer\">Norman<\/a><\/p>\n<p><a href=\"https:\/\/www.youtube.com\/channel\/UCTt2AnK--mnRmICnf-CCcrw\" target=\"_blank\" rel=\"noopener noreferrer\">Le Rire Jaune<\/a><\/p>\n<p>Effets visuels<\/p>\n<p><a href=\"https:\/\/vine.co\/Zach.King\" target=\"_blank\" rel=\"noopener noreferrer\">Zach King<\/a><\/p>\n<p>Humour d\u00e9cal\u00e9 \/ trash<br \/>\n<a href=\"http:\/\/www.yodablog.net\/\" target=\"_blank\" rel=\"noopener noreferrer\">YodaBlog<\/a><\/p>\n<p><a href=\"https:\/\/www.youtube.com\/user\/smosh\/videos?flow=grid&#038;view=0&#038;sort=p\" target=\"_blank\" rel=\"noopener noreferrer\">Smosh<\/a><\/p>\n<p><a href=\"https:\/\/www.youtube.com\/user\/TomSka\/videos?sort=p&#038;flow=grid&#038;view=0\" target=\"_blank\" rel=\"noopener noreferrer\">Tom Ska<\/a><\/p>\n<p><a href=\"https:\/\/www.youtube.com\/user\/GoldenMoustacheVideo\/videos?sort=p&#038;view=0&#038;flow=grid\" target=\"_blank\" rel=\"noopener noreferrer\">Suricate<\/a><\/p>\n<p>Meilleurs magiciens:<br \/>\n<a href=\"https:\/\/www.youtube.com\/results?search_sort=video_view_count&#038;search_query=david+blaine\" target=\"_blank\" rel=\"noopener noreferrer\">David Blaine<\/a><\/p>\n<p><a href=\"https:\/\/www.youtube.com\/results?search_sort=video_view_count&#038;search_query=dynamo\" target=\"_blank\" rel=\"noopener noreferrer\">Dynamo<\/a><\/p>\n<p>Jeux vid\u00e9os<\/p>\n<p><a href=\"https:\/\/www.youtube.com\/user\/aMOODIEsqueezie\" target=\"_blank\" rel=\"noopener noreferrer\">Squeezie<\/a><br \/>\nOutil pour v\u00e9rifier si ton site pr\u00e9f\u00e9r\u00e9 est down ou si c&rsquo;est ton ordinateur \/ navigateur \/ clavier qui a un probl\u00e8me \ud83d\ude42<br \/>\nhttp:\/\/www.isitdownrightnow.com\/<\/p>\n<p>Section meme<br \/>\n<a href=\"http:\/\/www.memedroid.com\/gallery\/top-month\" target=\"_blank\" rel=\"noopener noreferrer\">Memedroid<\/a><\/p>\n","protected":false},"excerpt":{"rendered":"<p>Inventaire (en construction progressive \ud83d\ude42 des g\u00e9n\u00e9rateurs de vues du net Humour du net Cyrpien Norman Le Rire Jaune Effets &hellip; <a href=\"https:\/\/seempleetoo.be\/aware\/index.php\/net-phenomenon\/\" class=\"more-link\">Continue reading <span class=\"screen-reader-text\">Net Phenomenon<\/span><\/a><\/p>\n","protected":false},"author":2,"featured_media":0,"parent":0,"menu_order":0,"comment_status":"closed","ping_status":"closed","template":"","meta":{"footnotes":""},"class_list":["post-28","page","type-page","status-publish","hentry"],"_links":{"self":[{"href":"https:\/\/seempleetoo.be\/aware\/index.php\/wp-json\/wp\/v2\/pages\/28","targetHints":{"allow":["GET"]}}],"collection":[{"href":"https:\/\/seempleetoo.be\/aware\/index.php\/wp-json\/wp\/v2\/pages"}],"about":[{"href":"https:\/\/seempleetoo.be\/aware\/index.php\/wp-json\/wp\/v2\/types\/page"}],"author":[{"embeddable":true,"href":"https:\/\/seempleetoo.be\/aware\/index.php\/wp-json\/wp\/v2\/users\/2"}],"replies":[{"embeddable":true,"href":"https:\/\/seempleetoo.be\/aware\/index.php\/wp-json\/wp\/v2\/comments?post=28"}],"version-history":[{"count":0,"href":"https:\/\/seempleetoo.be\/aware\/index.php\/wp-json\/wp\/v2\/pages\/28\/revisions"}],"wp:attachment":[{"href":"https:\/\/seempleetoo.be\/aware\/index.php\/wp-json\/wp\/v2\/media?parent=28"}],"curies":[{"name":"wp","href":"https:\/\/api.w.org\/{rel}","templated":true}]}}