{"id":27,"date":"2014-02-13T09:16:07","date_gmt":"2014-02-13T09:16:07","guid":{"rendered":"https:\/\/seb04.be\/wp2018mm\/web-dvlpt\/"},"modified":"2014-02-13T09:16:07","modified_gmt":"2014-02-13T09:16:07","slug":"web-dvlpt","status":"publish","type":"page","link":"https:\/\/seempleetoo.be\/aware\/index.php\/web-dvlpt\/","title":{"rendered":"Web Dvlpt"},"content":{"rendered":"<p><strong>Liens et astuces pour d\u00e9velopper un site web&#8230; en vrac<\/strong><\/p>\n<p>La base:<br \/>\nhttp:\/\/www.w3schools.com\/<\/p>\n<p>Les images:<br \/>\nhttp:\/\/fr.openclassrooms.com\/informatique\/cours\/debuter-dans-l-infographie-avec-gimp\/les-formats-d-image<\/p>\n<p>Les fonts web-safe:<br \/>\nhttp:\/\/www.w3schools.com\/cssref\/css_websafe_fonts.asp<br \/>\nAvec ou sans serif? http:\/\/fr.wikipedia.org\/wiki\/Empattement_(typographie)<\/p>\n<p>Vous avez trouv\u00e9 de chouettes fonctionnalit\u00e9s sur internet? OK mais sont-elles compatibles avec les browsers du moment et ceux encore utilis\u00e9s? http:\/\/caniuse.com\/<\/p>\n<p>On utilise les CSS<br \/>\nhttp:\/\/css.mammouthland.net\/<br \/>\nPlusieurs images de background: http:\/\/www.alsacreations.com\/tuto\/lire\/814-css3-background-image-multiple.html<br \/>\nou http:\/\/www.css3.info\/preview\/multiple-backgrounds\/<\/p>\n<p>G\u00e9rer la taille de l&rsquo;image:<br \/>\nhttp:\/\/tassedecafe.org\/1175-responsive-redimensionner-image-css-conserver-ratio.html<\/p>\n<p>On passe \u00e0 l&rsquo;html5 et au responsive:<br \/>\nle contexte: https:\/\/speakerdeck.com\/smashingmag\/responsive-web-design-clever-tips-and-techniques<br \/>\nhttp:\/\/objetdirect.developpez.com\/tutoriels\/css\/responsive-design\/<br \/>\nTravailler la taille des fonts en mesure \u00ab\u00a0em\u00a0\u00bb &#8211; table de conversion: http:\/\/pxtoem.com\/<br \/>\nL&rsquo;outil ultime pour faire des fonds en d\u00e9grad\u00e9 sans utiliser des images avec retro-compatibilit\u00e9: http:\/\/www.cssmatic.com\/gradient-generator<br \/>\nUn tableau structur\u00e9: http:\/\/fr.openclassrooms.com\/informatique\/cours\/apprenez-a-creer-votre-site-web-avec-html5-et-css3\/un-tableau-structure<\/p>\n","protected":false},"excerpt":{"rendered":"<p>Liens et astuces pour d\u00e9velopper un site web&#8230; en vrac La base: http:\/\/www.w3schools.com\/ Les images: http:\/\/fr.openclassrooms.com\/informatique\/cours\/debuter-dans-l-infographie-avec-gimp\/les-formats-d-image Les fonts web-safe: http:\/\/www.w3schools.com\/cssref\/css_websafe_fonts.asp &hellip; <a href=\"https:\/\/seempleetoo.be\/aware\/index.php\/web-dvlpt\/\" class=\"more-link\">Continue reading <span class=\"screen-reader-text\">Web Dvlpt<\/span><\/a><\/p>\n","protected":false},"author":2,"featured_media":0,"parent":0,"menu_order":0,"comment_status":"closed","ping_status":"closed","template":"","meta":{"footnotes":""},"class_list":["post-27","page","type-page","status-publish","hentry"],"_links":{"self":[{"href":"https:\/\/seempleetoo.be\/aware\/index.php\/wp-json\/wp\/v2\/pages\/27","targetHints":{"allow":["GET"]}}],"collection":[{"href":"https:\/\/seempleetoo.be\/aware\/index.php\/wp-json\/wp\/v2\/pages"}],"about":[{"href":"https:\/\/seempleetoo.be\/aware\/index.php\/wp-json\/wp\/v2\/types\/page"}],"author":[{"embeddable":true,"href":"https:\/\/seempleetoo.be\/aware\/index.php\/wp-json\/wp\/v2\/users\/2"}],"replies":[{"embeddable":true,"href":"https:\/\/seempleetoo.be\/aware\/index.php\/wp-json\/wp\/v2\/comments?post=27"}],"version-history":[{"count":0,"href":"https:\/\/seempleetoo.be\/aware\/index.php\/wp-json\/wp\/v2\/pages\/27\/revisions"}],"wp:attachment":[{"href":"https:\/\/seempleetoo.be\/aware\/index.php\/wp-json\/wp\/v2\/media?parent=27"}],"curies":[{"name":"wp","href":"https:\/\/api.w.org\/{rel}","templated":true}]}}