{"id":21,"date":"2011-10-22T13:35:44","date_gmt":"2011-10-22T13:35:44","guid":{"rendered":"https:\/\/seb04.be\/wp2018mm\/linux\/"},"modified":"2023-01-08T22:43:27","modified_gmt":"2023-01-08T21:43:27","slug":"linux","status":"publish","type":"page","link":"https:\/\/seempleetoo.be\/aware\/index.php\/linux\/","title":{"rendered":"Linux"},"content":{"rendered":"<p>A pr\u00e9sent, Linux est aussi puissant et intuitif que Windows ou MacOS pour surfer sur internet et pour les applications de bureautique: gratuit, facile et rapide&#8230; Il ne faut plus h\u00e9siter!<br \/>\nEt surtout, Linux peut fonctionner sur n&rsquo;importe quel ordinateur &#8211; m\u00eame un vieux mac ou un pc qui a plus de 5 ans!<\/p>\n<blockquote><p>Remarque importante: Les seules contraintes sont pour les jeux (forc\u00e9ment les jeux Windows ne tourne que sur Windows) et pour le mat\u00e9riel sp\u00e9cifique (certains logiciels de gsm, de gps ou de scanner ne fonctionnent que sur Windows).<\/p>\n<p><strong>Astuce seempleetoo.be &#8211; changez vos habitudes:<\/strong><\/p>\n<p>1) Pour jouer, il faut acheter une console de jeux sinon limitez-vous \u00e0 des jeux gratuits (il y a en plein sur Linux)<br \/>\n2) Choisissez des marques qui offrent un fonctionnement ouvert \u00e0 tous les syst\u00e8mes (indication: compatible avec Linux sur la boite en g\u00e9n\u00e9ral ou v\u00e9rifier sur internet avant d&rsquo;acheter)<br \/>\n3) Ne vous faites pas arnaquer par Microsoft et Apple qui vous font croire que vous avez besoin de toutes les fonctionnalit\u00e9s du monde. La plupart d&rsquo;entre nous sont d\u00e9j\u00e0 content avec tout ce qui est offert sur internet. D&rsquo;ailleurs, Linux offre des logiciels pour g\u00e9rer vos documents (m\u00eame modifier et sauver des documents en Word, Excel,&#8230;), \u00e9diter vos photos (Picasa est aussi puissant sous Linux que sous Windows ou MacOS), g\u00e9rer vos vid\u00e9os et pour internet: le navigateur par d\u00e9faut est Firefox mais vous pouvez aussi installer Google Chrome&#8230; Pas de soucis de ce c\u00f4t\u00e9, donc \ud83d\ude42<\/p>\n<p>Alternative: installer Linux sur son ancien ordinateur en gardant Windows en plus (voir ci-dessous) ou si vous n&rsquo;avez pas peur de la technique, il est possible de simuler WIndows sous Linux avec le logiciel <a href=\"http:\/\/doc.ubuntu-fr.org\/wine\" target=\"_new\" rel=\"noopener noreferrer\">Wine<\/a><\/p><\/blockquote>\n<p><strong>Bon&#8230; Si vous \u00eates convaincu et pr\u00eat \u00e0 tenter l&rsquo;aventure alors voici les \u00e9tapes pour passer \u00e0 Linux<\/strong>:<\/p>\n<p>Etape 1: Se renseigner (ce site est d\u00e9j\u00e0 un point de d\u00e9part mais le site d&rsquo;une version Linux, c&rsquo;est encore mieux ;o)<br \/>\nChoix de la version: <a href=\"http:\/\/www.maketecheasier.com\/choose-best-linux-distribution\/\">http:\/\/www.maketecheasier.com\/choose-best-linux-distribution\/<\/a><br \/>\nDonc Mint si vous voulez une continuit\u00e9 par rapport \u00e0 Windows ou Apple<br \/>\n<a href=\"http:\/\/www.linuxmint.com\/\">http:\/\/www.linuxmint.com\/<\/a><br \/>\nUbuntu si vous aimez l&rsquo;innovation.<br \/>\nEn fran\u00e7ais: <a href=\"http:\/\/ubuntu-fr.org\/\">http:\/\/ubuntu-fr.org\/<\/a><br \/>\nEn anglais: <a href=\"http:\/\/www.ubuntu.com\/\">http:\/\/www.ubuntu.com\/<\/a><\/p>\n<p>Bon \u00e0 savoir: si votre ordinateur est tr\u00e8s vieux et que vous vous limitez \u00e0 consulter des sites internet et faire de la bureautique &#8211; choisissez la formule plus l\u00e9g\u00e8re: xubuntu &#8211; <a href=\"http:\/\/doc.xubuntu-fr.org\/xubuntu\">http:\/\/doc.xubuntu-fr.org\/xubuntu<\/a><br \/>\nSi votre ordinateur est moyennement \u00ab\u00a0ancien\u00a0\u00bb (3 \u00e0 5 ans), vous pouvez activer le bureau 2D d&rsquo;Ubuntu au lieu du bureau 3D qui est parfois plus lent (chercher Unity 2D &#8211; voir liens plus bas &#8211; il faut se d\u00e9connecter et puis s\u00e9lectionner Ubuntu 2D lors de la connexion)<\/p>\n<p>Etape 2: T\u00e9l\u00e9charger Ubuntu et graver le sur un CD ou utiliser une cl\u00e9 USB<\/p>\n<p>Etape 3: Tester Ubuntu sur son ordinateur&#8230; H\u00e9 oui, avec Linux, on peut tout tester sans installer. C&rsquo;est tellement performant et l\u00e9ger que l&rsquo;on peut s&rsquo;assurer du bon fonctionnement du PC ou du Mac sans aucun impact sur l&rsquo;installation d\u00e9j\u00e0 en place. il suffit de placer le cd dans le lecteur et de red\u00e9marrer sur celui-ci &#8211;&gt; l&rsquo;option \u00ab\u00a0tester sans installer\u00a0\u00bb sera offerte au d\u00e9marrage.<\/p>\n<p>Etape 4: d\u00e8s que vous aurez r\u00e9alis\u00e9 que tout fonctionne sans m\u00eame devoir installer le moindre driver dans la plupart des cas, un seul choix s&rsquo;impose: l&rsquo;adopter!<br \/>\nPour cela, vous pouvez continuer avec deux syst\u00e8mes: Windows &amp; Ubuntu par exemple (au d\u00e9marrage, vous pourrez choisir de red\u00e9marrer sur Windows &#8211; exemple: pour de temps en temps se souvenir \u00e0 quel point Windows Vista est nul \ud83d\ude09<br \/>\nOu alors pour les plus d\u00e9cid\u00e9s d&rsquo;entre vous, vous pouvez choisir de n&rsquo;avoir que Linux sur votre ordinateur.<\/p>\n<p>Dans tous les cas (et de fa\u00e7on g\u00e9n\u00e9rale &#8211; c&rsquo;est une r\u00e8gle d&rsquo;or en informatique), faites une sauvegarde de votre syst\u00e8me (sauver: documents, images, vid\u00e9os, liens favoris, e-mails,&#8230;)<\/p>\n<p>Etape 5: Optimisez votre Linux \ud83d\ude42<br \/>\nInstaller en un clic tous vos programmes pr\u00e9f\u00e9r\u00e9s gr\u00e2ce au centre de logiciel Ubuntu<br \/>\n<strong>s\u00e9lection Seempleetoo<\/strong>:<br \/>\n&#8211; <a href=\"http:\/\/doc.ubuntu-fr.org\/lecture_et_encodage_de_fichiers_audio?s[]=mp3\" target=\"_new\" rel=\"noopener noreferrer\">Les codecs de musique et vid\u00e9o<\/a> (Mp3,&#8230; NB: c&rsquo;est une firme priv\u00e9e qui g\u00e8re le standard mp3 et si Ubuntu l&rsquo;int\u00e8gre d&rsquo;office, il faudrait payer &#8211; ce n&rsquo;est pas le cas si on l&rsquo;installe par apr\u00e8s &#8211; ouf! \ud83d\ude09<br \/>\n&#8211; Skype (t\u00e9l\u00e9phone sur internet)<br \/>\n&#8211; Pidgin (Messenger pour g\u00e9rer tous ses comptes: Microsoft Live Messenger, Yahoo,&#8230;)<br \/>\n&#8211; Google Picasa (gestion de vos photos et d&rsquo;albums)<br \/>\n&#8211; Gimp (genre de Photoshop en gratuit)<br \/>\n&#8211; VLC (lecteur multimedia)<\/p>\n<p>Autres trucs (en anglais): http:\/\/www.omgubuntu.co.uk\/2011\/04\/10-things-to-do-after-installing-ubuntu-11-04\/<\/p>\n<p>Toutes les tutoriels et la possibilit\u00e9 de poser toutes vos questions: http:\/\/doc.ubuntu-fr.org\/debutant<br \/>\nUtile: l&rsquo;aide int\u00e9gr\u00e9e \u00e0 Ubuntu permet souvent de r\u00e9pondre \u00e0 la plupart des questions<\/p>\n","protected":false},"excerpt":{"rendered":"<p>A pr\u00e9sent, Linux est aussi puissant et intuitif que Windows ou MacOS pour surfer sur internet et pour les applications &hellip; <a href=\"https:\/\/seempleetoo.be\/aware\/index.php\/linux\/\" class=\"more-link\">Continue reading <span class=\"screen-reader-text\">Linux<\/span><\/a><\/p>\n","protected":false},"author":2,"featured_media":0,"parent":0,"menu_order":0,"comment_status":"closed","ping_status":"closed","template":"","meta":{"footnotes":""},"class_list":["post-21","page","type-page","status-publish","hentry"],"_links":{"self":[{"href":"https:\/\/seempleetoo.be\/aware\/index.php\/wp-json\/wp\/v2\/pages\/21","targetHints":{"allow":["GET"]}}],"collection":[{"href":"https:\/\/seempleetoo.be\/aware\/index.php\/wp-json\/wp\/v2\/pages"}],"about":[{"href":"https:\/\/seempleetoo.be\/aware\/index.php\/wp-json\/wp\/v2\/types\/page"}],"author":[{"embeddable":true,"href":"https:\/\/seempleetoo.be\/aware\/index.php\/wp-json\/wp\/v2\/users\/2"}],"replies":[{"embeddable":true,"href":"https:\/\/seempleetoo.be\/aware\/index.php\/wp-json\/wp\/v2\/comments?post=21"}],"version-history":[{"count":1,"href":"https:\/\/seempleetoo.be\/aware\/index.php\/wp-json\/wp\/v2\/pages\/21\/revisions"}],"predecessor-version":[{"id":56,"href":"https:\/\/seempleetoo.be\/aware\/index.php\/wp-json\/wp\/v2\/pages\/21\/revisions\/56"}],"wp:attachment":[{"href":"https:\/\/seempleetoo.be\/aware\/index.php\/wp-json\/wp\/v2\/media?parent=21"}],"curies":[{"name":"wp","href":"https:\/\/api.w.org\/{rel}","templated":true}]}}